{"id":1105,"date":"2024-09-23T17:08:37","date_gmt":"2024-09-23T15:08:37","guid":{"rendered":"https:\/\/wenov4it.com\/?page_id=1105"},"modified":"2024-09-25T18:43:39","modified_gmt":"2024-09-25T16:43:39","slug":"consultant-augmente","status":"publish","type":"page","link":"https:\/\/wenov4it.com\/index.php\/consultant-augmente\/","title":{"rendered":"Consultants Augment\u00e9s"},"content":{"rendered":"\n<div style=\"height:20px\" aria-hidden=\"true\" class=\"wp-block-spacer\"><\/div>\n\n\n<div style=\"--bb--crumb-gap:.4em;\" class=\"wp-block-boldblocks-breadcrumb-block\"><nav role=\"navigation\" aria-label=\"Breadcrumbs\" class=\"breadcrumb\"><ol class=\"breadcrumb-items\"><li class=\"breadcrumb-item breadcrumb-item--current breadcrumb-item--home\"><span class=\"breadcrumb-item-name\">Home<\/span><\/li><\/ol><\/nav><\/div>\n\n\n<div style=\"height:50px\" aria-hidden=\"true\" class=\"wp-block-spacer\"><\/div>\n\n\n\n<h1 class=\"wp-block-heading\">Consultants augment\u00e9s<\/h1>\n\n\n\n<p>Nous croyons fermement que la r\u00e9ussite de notre entreprise repose sur le d\u00e9veloppement continu de nos collaborateurs. Chez <strong>Wenov4IT<\/strong>, nous mettons un point d&rsquo;honneur \u00e0 offrir une expertise de pointe \u00e0 nos \u00e9quipes, d\u00e9passant les simples comp\u00e9tences m\u00e9tiers. D\u00e9couvrez comment nous accompagnons nos collaborateurs dans leur parcours professionnel :<\/p>\n\n\n\n<hr class=\"wp-block-separator has-alpha-channel-opacity\"\/>\n\n\n\n<div class=\"wp-block-media-text has-media-on-the-right is-stacked-on-mobile\" style=\"grid-template-columns:auto 30%\"><div class=\"wp-block-media-text__content\">\n<p><strong>Ma\u00eetrise de l\u2019IA G\u00e9n\u00e9rative<\/strong><\/p>\n\n\n\n<p><strong>Wenov4IT <\/strong>consid\u00e8re l\u2019intelligence artificielle (IA) g\u00e9n\u00e9rative comme un levier essentiel de performance et d\u2019innovation. C&rsquo;est pourquoi nous formons tous nos collaborateurs \u00e0 la ma\u00eetrise de l\u2019IA g\u00e9n\u00e9rative. Ils apprennent \u00e0 utiliser ces technologies avanc\u00e9es comme outils d\u2019aide \u00e0 la d\u00e9cision, int\u00e9grant des solutions d\u2019IA dans leurs t\u00e2ches quotidiennes pour optimiser les processus, am\u00e9liorer les r\u00e9sultats et innover dans leurs projets. Que ce soit pour analyser des donn\u00e9es complexes, g\u00e9n\u00e9rer des rapports automatis\u00e9s ou proposer des solutions cr\u00e9atives, nos \u00e9quipes \u200bsont \u00e0 la pointe de l\u2019IA.<\/p>\n<\/div><figure class=\"wp-block-media-text__media\"><img loading=\"lazy\" decoding=\"async\" width=\"1024\" height=\"576\" src=\"https:\/\/wenov4it.com\/wp-content\/uploads\/2024\/09\/IA-generative.jpg\" alt=\"\" class=\"wp-image-338 size-full\" srcset=\"https:\/\/wenov4it.com\/wp-content\/uploads\/2024\/09\/IA-generative.jpg 1024w, https:\/\/wenov4it.com\/wp-content\/uploads\/2024\/09\/IA-generative-300x169.jpg 300w, https:\/\/wenov4it.com\/wp-content\/uploads\/2024\/09\/IA-generative-768x432.jpg 768w\" sizes=\"auto, (max-width: 1024px) 100vw, 1024px\" \/><\/figure><\/div>\n\n\n\n<hr class=\"wp-block-separator has-alpha-channel-opacity\"\/>\n\n\n\n<div class=\"wp-block-media-text is-stacked-on-mobile\" style=\"grid-template-columns:30% auto\"><figure class=\"wp-block-media-text__media\"><img loading=\"lazy\" decoding=\"async\" width=\"506\" height=\"299\" src=\"https:\/\/wenov4it.com\/wp-content\/uploads\/2024\/09\/numerique-responsable-1.jpg\" alt=\"\" class=\"wp-image-342 size-full\" srcset=\"https:\/\/wenov4it.com\/wp-content\/uploads\/2024\/09\/numerique-responsable-1.jpg 506w, https:\/\/wenov4it.com\/wp-content\/uploads\/2024\/09\/numerique-responsable-1-300x177.jpg 300w\" sizes=\"auto, (max-width: 506px) 100vw, 506px\" \/><\/figure><div class=\"wp-block-media-text__content\">\n<p class=\"has-text-align-right\"><strong>Num\u00e9rique Responsable<\/strong><\/p>\n\n\n\n<p class=\"has-text-align-left\">La responsabilit\u00e9 num\u00e9rique est au c\u0153ur de notre approche. Nous formons nos collaborateurs aux bonnes pratiques du num\u00e9rique responsable, tant dans leur utilisation quotidienne de l&rsquo;informatique que dans la conception de leurs r\u00e9alisations. Cette formation comprend l&rsquo;optimisation des ressources, la r\u00e9duction de l&#8217;empreinte carbone des solutions d\u00e9velopp\u00e9es, et la promotion de l&rsquo;accessibilit\u00e9 num\u00e9rique. Nos \u00e9quipes sont sensibilis\u00e9es aux impacts environnementaux et sociaux du num\u00e9rique, et elles int\u00e8grent ces consid\u00e9rations dans chaque projet pour construire un futur plus durable.<\/p>\n<\/div><\/div>\n\n\n\n<hr class=\"wp-block-separator has-alpha-channel-opacity\"\/>\n\n\n\n<div class=\"wp-block-media-text has-media-on-the-right is-stacked-on-mobile\" style=\"grid-template-columns:auto 30%\"><div class=\"wp-block-media-text__content\">\n<p><strong>Communaut\u00e9s Technologiques<\/strong><\/p>\n\n\n\n<p><strong>Wenov4IT <\/strong>encourage le partage de connaissances et la collaboration au sein de nos Communaut\u00e9s Technologiques. Ces communaut\u00e9s sont des espaces dynamiques o\u00f9 les experts de diff\u00e9rents domaines se r\u00e9unissent pour \u00e9changer, innover et se soutenir mutuellement. Elles permettent \u00e0 nos collaborateurs de rester \u00e0 jour sur les derni\u00e8res tendances technologiques, de partager des bonnes pratiques et de d\u00e9velopper des solutions conjointes. Nos Communaut\u00e9s Technologiques sont le lieu id\u00e9al pour l&rsquo;innovation collective et le d\u00e9veloppement continu des comp\u00e9tences.<\/p>\n<\/div><figure class=\"wp-block-media-text__media\"><img loading=\"lazy\" decoding=\"async\" width=\"1024\" height=\"438\" src=\"https:\/\/wenov4it.com\/wp-content\/uploads\/2024\/09\/communaute-technologique-1-1024x438.png\" alt=\"\" class=\"wp-image-344 size-full\" srcset=\"https:\/\/wenov4it.com\/wp-content\/uploads\/2024\/09\/communaute-technologique-1-1024x438.png 1024w, https:\/\/wenov4it.com\/wp-content\/uploads\/2024\/09\/communaute-technologique-1-300x128.png 300w, https:\/\/wenov4it.com\/wp-content\/uploads\/2024\/09\/communaute-technologique-1-768x329.png 768w, https:\/\/wenov4it.com\/wp-content\/uploads\/2024\/09\/communaute-technologique-1.png 1164w\" sizes=\"auto, (max-width: 1024px) 100vw, 1024px\" \/><\/figure><\/div>\n\n\n\n<hr class=\"wp-block-separator has-alpha-channel-opacity\"\/>\n\n\n\n<div class=\"wp-block-media-text is-stacked-on-mobile\" style=\"grid-template-columns:30% auto\"><figure class=\"wp-block-media-text__media\"><img loading=\"lazy\" decoding=\"async\" width=\"576\" height=\"300\" src=\"https:\/\/wenov4it.com\/wp-content\/uploads\/2024\/09\/formation.jpg\" alt=\"\" class=\"wp-image-345 size-full\" srcset=\"https:\/\/wenov4it.com\/wp-content\/uploads\/2024\/09\/formation.jpg 576w, https:\/\/wenov4it.com\/wp-content\/uploads\/2024\/09\/formation-300x156.jpg 300w\" sizes=\"auto, (max-width: 576px) 100vw, 576px\" \/><\/figure><div class=\"wp-block-media-text__content\">\n<p class=\"has-text-align-right\"><strong>Formation et Certifications<\/strong><\/p>\n\n\n\n<p class=\"has-text-align-left\"><strong>Wenov4IT <\/strong>reconnait l\u2019importance de la formation continue et de la certification, surtout lorsque le contexte client l\u2019exige. Nous offrons \u00e0 nos collaborateurs des opportunit\u00e9s r\u00e9guli\u00e8res de suivre des formations sp\u00e9cialis\u00e9es et d&rsquo;obtenir des certifications reconnues dans l&rsquo;industrie. Cette d\u00e9marche permet \u00e0 nos \u00e9quipes de rester \u00e0 la pointe des avanc\u00e9es technologiques et d\u2019assurer un haut niveau de comp\u00e9tence et de conformit\u00e9 aux exigences sp\u00e9cifiques de nos clients. En investissant dans la formation et la certification, nous garantissons des prestations de qualit\u00e9 et renfor\u00e7ons la confiance de nos partenaires.<\/p>\n<\/div><\/div>\n\n\n\n<div style=\"height:20px\" aria-hidden=\"true\" class=\"wp-block-spacer\"><\/div>\n","protected":false},"excerpt":{"rendered":"<p>Consultants augment\u00e9s Nous croyons fermement que la r\u00e9ussite de notre entreprise repose sur le d\u00e9veloppement continu de nos collaborateurs. Chez [&hellip;]<\/p>\n","protected":false},"author":3,"featured_media":0,"parent":0,"menu_order":0,"comment_status":"closed","ping_status":"closed","template":"","meta":{"site-sidebar-layout":"default","site-content-layout":"","ast-site-content-layout":"","site-content-style":"default","site-sidebar-style":"default","ast-global-header-display":"","ast-banner-title-visibility":"","ast-main-header-display":"","ast-hfb-above-header-display":"","ast-hfb-below-header-display":"","ast-hfb-mobile-header-display":"","site-post-title":"","ast-breadcrumbs-content":"","ast-featured-img":"","footer-sml-layout":"","theme-transparent-header-meta":"","adv-header-id-meta":"","stick-header-meta":"","header-above-stick-meta":"","header-main-stick-meta":"","header-below-stick-meta":"","astra-migrate-meta-layouts":"default","ast-page-background-enabled":"default","ast-page-background-meta":{"desktop":{"background-color":"var(--ast-global-color-4)","background-image":"","background-repeat":"repeat","background-position":"center center","background-size":"auto","background-attachment":"scroll","background-type":"","background-media":"","overlay-type":"","overlay-color":"","overlay-opacity":"","overlay-gradient":""},"tablet":{"background-color":"","background-image":"","background-repeat":"repeat","background-position":"center center","background-size":"auto","background-attachment":"scroll","background-type":"","background-media":"","overlay-type":"","overlay-color":"","overlay-opacity":"","overlay-gradient":""},"mobile":{"background-color":"","background-image":"","background-repeat":"repeat","background-position":"center center","background-size":"auto","background-attachment":"scroll","background-type":"","background-media":"","overlay-type":"","overlay-color":"","overlay-opacity":"","overlay-gradient":""}},"ast-content-background-meta":{"desktop":{"background-color":"var(--ast-global-color-5)","background-image":"","background-repeat":"repeat","background-position":"center center","background-size":"auto","background-attachment":"scroll","background-type":"","background-media":"","overlay-type":"","overlay-color":"","overlay-opacity":"","overlay-gradient":""},"tablet":{"background-color":"var(--ast-global-color-5)","background-image":"","background-repeat":"repeat","background-position":"center center","background-size":"auto","background-attachment":"scroll","background-type":"","background-media":"","overlay-type":"","overlay-color":"","overlay-opacity":"","overlay-gradient":""},"mobile":{"background-color":"var(--ast-global-color-5)","background-image":"","background-repeat":"repeat","background-position":"center center","background-size":"auto","background-attachment":"scroll","background-type":"","background-media":"","overlay-type":"","overlay-color":"","overlay-opacity":"","overlay-gradient":""}},"footnotes":""},"class_list":["post-1105","page","type-page","status-publish","hentry"],"_links":{"self":[{"href":"https:\/\/wenov4it.com\/index.php\/wp-json\/wp\/v2\/pages\/1105","targetHints":{"allow":["GET"]}}],"collection":[{"href":"https:\/\/wenov4it.com\/index.php\/wp-json\/wp\/v2\/pages"}],"about":[{"href":"https:\/\/wenov4it.com\/index.php\/wp-json\/wp\/v2\/types\/page"}],"author":[{"embeddable":true,"href":"https:\/\/wenov4it.com\/index.php\/wp-json\/wp\/v2\/users\/3"}],"replies":[{"embeddable":true,"href":"https:\/\/wenov4it.com\/index.php\/wp-json\/wp\/v2\/comments?post=1105"}],"version-history":[{"count":16,"href":"https:\/\/wenov4it.com\/index.php\/wp-json\/wp\/v2\/pages\/1105\/revisions"}],"predecessor-version":[{"id":1234,"href":"https:\/\/wenov4it.com\/index.php\/wp-json\/wp\/v2\/pages\/1105\/revisions\/1234"}],"wp:attachment":[{"href":"https:\/\/wenov4it.com\/index.php\/wp-json\/wp\/v2\/media?parent=1105"}],"curies":[{"name":"wp","href":"https:\/\/api.w.org\/{rel}","templated":true}]}}