{"id":1110,"date":"2024-09-23T17:14:07","date_gmt":"2024-09-23T15:14:07","guid":{"rendered":"https:\/\/wenov4it.com\/?page_id=1110"},"modified":"2024-11-02T10:32:59","modified_gmt":"2024-11-02T09:32:59","slug":"modele-social","status":"publish","type":"page","link":"https:\/\/wenov4it.com\/index.php\/modele-social\/","title":{"rendered":"Mod\u00e8le Social"},"content":{"rendered":"\n<div style=\"height:20px\" aria-hidden=\"true\" class=\"wp-block-spacer\"><\/div>\n\n\n<div style=\"--bb--crumb-gap:.4em;\" class=\"wp-block-boldblocks-breadcrumb-block\"><nav role=\"navigation\" aria-label=\"Breadcrumbs\" class=\"breadcrumb\"><ol class=\"breadcrumb-items\"><li class=\"breadcrumb-item breadcrumb-item--current breadcrumb-item--home\"><span class=\"breadcrumb-item-name\">Home<\/span><\/li><\/ol><\/nav><\/div>\n\n\n<div style=\"height:50px\" aria-hidden=\"true\" class=\"wp-block-spacer\"><\/div>\n\n\n\n<h1 class=\"wp-block-heading\">Mod\u00e8le Social<\/h1>\n\n\n\n<div class=\"wp-block-media-text is-stacked-on-mobile\" style=\"padding-right:var(--wp--preset--spacing--40);padding-left:var(--wp--preset--spacing--40);grid-template-columns:45% auto\"><figure class=\"wp-block-media-text__media\"><img loading=\"lazy\" decoding=\"async\" width=\"1024\" height=\"536\" src=\"https:\/\/wenov4it.com\/wp-content\/uploads\/2024\/11\/modele-social-1024x536.jpg\" alt=\"\" class=\"wp-image-1278 size-full\" srcset=\"https:\/\/wenov4it.com\/wp-content\/uploads\/2024\/11\/modele-social-1024x536.jpg 1024w, https:\/\/wenov4it.com\/wp-content\/uploads\/2024\/11\/modele-social-300x157.jpg 300w, https:\/\/wenov4it.com\/wp-content\/uploads\/2024\/11\/modele-social-768x402.jpg 768w, https:\/\/wenov4it.com\/wp-content\/uploads\/2024\/11\/modele-social.jpg 1200w\" sizes=\"auto, (max-width: 1024px) 100vw, 1024px\" \/><\/figure><div class=\"wp-block-media-text__content\">\n<p>Nous comprenons que chaque projet a des exigences uniques et que chaque collaborateur a des pr\u00e9f\u00e9rences distinctes en mati\u00e8re de travail. C&rsquo;est pourquoi nous offrons un mod\u00e8le social flexible qui inclut la possibilit\u00e9 de proposer aussi bien des salari\u00e9s que des ind\u00e9pendants. Cette approche nous permet de fournir des solutions adapt\u00e9es \u00e0 vos besoins sp\u00e9cifiques tout en offrant des conditions de travail optimales \u00e0 nos collaborateurs. Nous pouvons ainsi offrir la stabilit\u00e9 et l\u2019engagement des salari\u00e9s ou la flexibilit\u00e9 et l\u2019expertise sp\u00e9cialis\u00e9e des ind\u00e9pendants. <strong>Cette approche s\u2019effectue en totale transparence vis \u00e0 vis de nos Clients.<\/strong><\/p>\n<\/div><\/div>\n\n\n\n<div style=\"height:50px\" aria-hidden=\"true\" class=\"wp-block-spacer\"><\/div>\n\n\n\n<h2 class=\"wp-block-heading\">Profiter d\u2019un partage \u00e9quitable de la valeur<\/h2>\n\n\n\n<div class=\"wp-block-columns is-layout-flex wp-container-core-columns-is-layout-28f84493 wp-block-columns-is-layout-flex\">\n<div class=\"wp-block-column is-vertically-aligned-center is-layout-flow wp-block-column-is-layout-flow\">\n<h3 class=\"wp-block-heading has-text-align-center\">Collaborateurs<\/h3>\n\n\n\n<p>Chez Wenov4IT, nous croyons en l\u2019importance d\u2019un \u00e9quilibre entre vie professionnelle et vie personnelle. C\u2019est pourquoi nous offrons \u00e0 nos collaborateurs la possibilit\u00e9 de g\u00e9rer leur temps de travail de mani\u00e8re flexible selon le contexte. Que ce soit \u00e0 travers le t\u00e9l\u00e9travail, les horaires am\u00e9nag\u00e9s ou la possibilit\u00e9 de travailler \u00e0 temps partiel, nous nous adaptons aux besoins de tous pour favoriser un environnement de travail harmonieux et productif. Cette flexibilit\u00e9 permet \u00e0 nos collaborateurs de concilier au mieux leurs responsabilit\u00e9s professionnelles et personnelles, tout en maintenant un haut niveau de performance et de satisfaction. Nous proposons ainsi \u00e0 nos collaborateurs 2 formats de partage \u00e9quitable :<\/p>\n\n\n\n<ul class=\"wp-block-list\">\n<li>Pour un salaire march\u00e9 temps plein, nos consultants travaillent moins que les 217 jours annuels<\/li>\n<\/ul>\n\n\n\n<ul class=\"wp-block-list\">\n<li>S\u2019ils d\u00e9cident de travailler la totalit\u00e9 des 217 jours, un partage financier est r\u00e9alis\u00e9 sur les jours compl\u00e9mentaires.<\/li>\n<\/ul>\n\n\n\n<p><a href=\"https:\/\/wenov4it.com\/#contact\" data-type=\"link\" data-id=\"https:\/\/wenov4it.com\/#contact\">Pour en savoir plus, contactez-nous<\/a>.<\/p>\n<\/div>\n\n\n\n<div class=\"wp-block-column is-vertically-aligned-center is-layout-flow wp-block-column-is-layout-flow\">\n<figure class=\"wp-block-image size-full\"><img loading=\"lazy\" decoding=\"async\" width=\"540\" height=\"334\" src=\"https:\/\/wenov4it.com\/wp-content\/uploads\/2024\/09\/Partage-de-la-valeur.jpg\" alt=\"\" class=\"wp-image-784\" srcset=\"https:\/\/wenov4it.com\/wp-content\/uploads\/2024\/09\/Partage-de-la-valeur.jpg 540w, https:\/\/wenov4it.com\/wp-content\/uploads\/2024\/09\/Partage-de-la-valeur-300x186.jpg 300w\" sizes=\"auto, (max-width: 540px) 100vw, 540px\" \/><\/figure>\n\n\n\n<h3 class=\"wp-block-heading has-text-align-center\">Partenaires<\/h3>\n\n\n\n<p>Nous croyons en un mod\u00e8le o\u00f9 le succ\u00e8s est partag\u00e9 \u00e9quitablement entre l\u2019entreprise et ses partenaires. Nous nous engageons \u00e0 mettre en place des m\u00e9canismes de partage de la valeur qui refl\u00e8tent notre vision d\u2019une croissance collective. Voici comment nous concr\u00e9tisons cette ambition :<\/p>\n\n\n\n<p>Dans le cadre de contrat annuel, nous vous proposons un mod\u00e8le d\u2019acc\u00e9l\u00e9rateur de facturation si le nombre de jours prest\u00e9s d\u00e9passent les 210 jours annuels standard. Toute journ\u00e9e factur\u00e9e suppl\u00e9mentaire pourra \u00eatre major\u00e9e.<\/p>\n<\/div>\n<\/div>\n\n\n\n<hr class=\"wp-block-separator has-alpha-channel-opacity\"\/>\n\n\n\n<h2 class=\"wp-block-heading\"><strong>M\u00e9canisme de r\u00e9tribution pour cr\u00e9ation de valeur<\/strong><\/h2>\n\n\n\n<p style=\"padding-right:var(--wp--preset--spacing--40);padding-left:var(--wp--preset--spacing--40)\">Des m\u00e9canismes d\u2019incentives sont mis en \u0153uvre pour la mise en relation aboutissant au d\u00e9veloppement des affaires ou \u00e0 la cooptation de consultants de confiance.<\/p>\n\n\n\n<div style=\"height:50px\" aria-hidden=\"true\" class=\"wp-block-spacer\"><\/div>\n\n\n\n<div class=\"wp-block-buttons is-content-justification-center is-layout-flex wp-container-core-buttons-is-layout-a89b3969 wp-block-buttons-is-layout-flex\">\n<div class=\"wp-block-button is-style-fill\"><a class=\"wp-block-button__link wp-element-button\" href=\"https:\/\/wenov4it.com\/#contact\" style=\"border-radius:0px\"><strong>Rejoignez-nous<\/strong><\/a><\/div>\n<\/div>\n\n\n\n<div style=\"height:50px\" aria-hidden=\"true\" class=\"wp-block-spacer\"><\/div>\n","protected":false},"excerpt":{"rendered":"<p>Mod\u00e8le Social Nous comprenons que chaque projet a des exigences uniques et que chaque collaborateur a des pr\u00e9f\u00e9rences distinctes en [&hellip;]<\/p>\n","protected":false},"author":3,"featured_media":0,"parent":0,"menu_order":0,"comment_status":"closed","ping_status":"closed","template":"","meta":{"site-sidebar-layout":"default","site-content-layout":"","ast-site-content-layout":"","site-content-style":"default","site-sidebar-style":"default","ast-global-header-display":"","ast-banner-title-visibility":"","ast-main-header-display":"","ast-hfb-above-header-display":"","ast-hfb-below-header-display":"","ast-hfb-mobile-header-display":"","site-post-title":"","ast-breadcrumbs-content":"","ast-featured-img":"","footer-sml-layout":"","theme-transparent-header-meta":"","adv-header-id-meta":"","stick-header-meta":"","header-above-stick-meta":"","header-main-stick-meta":"","header-below-stick-meta":"","astra-migrate-meta-layouts":"default","ast-page-background-enabled":"default","ast-page-background-meta":{"desktop":{"background-color":"var(--ast-global-color-4)","background-image":"","background-repeat":"repeat","background-position":"center center","background-size":"auto","background-attachment":"scroll","background-type":"","background-media":"","overlay-type":"","overlay-color":"","overlay-opacity":"","overlay-gradient":""},"tablet":{"background-color":"","background-image":"","background-repeat":"repeat","background-position":"center center","background-size":"auto","background-attachment":"scroll","background-type":"","background-media":"","overlay-type":"","overlay-color":"","overlay-opacity":"","overlay-gradient":""},"mobile":{"background-color":"","background-image":"","background-repeat":"repeat","background-position":"center center","background-size":"auto","background-attachment":"scroll","background-type":"","background-media":"","overlay-type":"","overlay-color":"","overlay-opacity":"","overlay-gradient":""}},"ast-content-background-meta":{"desktop":{"background-color":"var(--ast-global-color-5)","background-image":"","background-repeat":"repeat","background-position":"center center","background-size":"auto","background-attachment":"scroll","background-type":"","background-media":"","overlay-type":"","overlay-color":"","overlay-opacity":"","overlay-gradient":""},"tablet":{"background-color":"var(--ast-global-color-5)","background-image":"","background-repeat":"repeat","background-position":"center center","background-size":"auto","background-attachment":"scroll","background-type":"","background-media":"","overlay-type":"","overlay-color":"","overlay-opacity":"","overlay-gradient":""},"mobile":{"background-color":"var(--ast-global-color-5)","background-image":"","background-repeat":"repeat","background-position":"center center","background-size":"auto","background-attachment":"scroll","background-type":"","background-media":"","overlay-type":"","overlay-color":"","overlay-opacity":"","overlay-gradient":""}},"footnotes":""},"class_list":["post-1110","page","type-page","status-publish","hentry"],"_links":{"self":[{"href":"https:\/\/wenov4it.com\/index.php\/wp-json\/wp\/v2\/pages\/1110","targetHints":{"allow":["GET"]}}],"collection":[{"href":"https:\/\/wenov4it.com\/index.php\/wp-json\/wp\/v2\/pages"}],"about":[{"href":"https:\/\/wenov4it.com\/index.php\/wp-json\/wp\/v2\/types\/page"}],"author":[{"embeddable":true,"href":"https:\/\/wenov4it.com\/index.php\/wp-json\/wp\/v2\/users\/3"}],"replies":[{"embeddable":true,"href":"https:\/\/wenov4it.com\/index.php\/wp-json\/wp\/v2\/comments?post=1110"}],"version-history":[{"count":18,"href":"https:\/\/wenov4it.com\/index.php\/wp-json\/wp\/v2\/pages\/1110\/revisions"}],"predecessor-version":[{"id":1279,"href":"https:\/\/wenov4it.com\/index.php\/wp-json\/wp\/v2\/pages\/1110\/revisions\/1279"}],"wp:attachment":[{"href":"https:\/\/wenov4it.com\/index.php\/wp-json\/wp\/v2\/media?parent=1110"}],"curies":[{"name":"wp","href":"https:\/\/api.w.org\/{rel}","templated":true}]}}