{"id":1113,"date":"2024-09-23T17:18:36","date_gmt":"2024-09-23T15:18:36","guid":{"rendered":"https:\/\/wenov4it.com\/?page_id=1113"},"modified":"2024-10-10T19:08:57","modified_gmt":"2024-10-10T17:08:57","slug":"vie-dentreprise","status":"publish","type":"page","link":"https:\/\/wenov4it.com\/index.php\/vie-dentreprise\/","title":{"rendered":"Vie d&rsquo;Entreprise"},"content":{"rendered":"\n<div style=\"height:20px\" aria-hidden=\"true\" class=\"wp-block-spacer\"><\/div>\n\n\n\n<div style=\"height:20px\" aria-hidden=\"true\" class=\"wp-block-spacer\"><\/div>\n\n\n<div style=\"--bb--crumb-gap:.4em;\" class=\"wp-block-boldblocks-breadcrumb-block\"><nav role=\"navigation\" aria-label=\"Breadcrumbs\" class=\"breadcrumb\"><ol class=\"breadcrumb-items\"><li class=\"breadcrumb-item breadcrumb-item--current breadcrumb-item--home\"><span class=\"breadcrumb-item-name\">Home<\/span><\/li><\/ol><\/nav><\/div>\n\n\n<blockquote class=\"wp-block-quote is-layout-flow wp-block-quote-is-layout-flow\">\n<p><em>Nous croyons fermement que notre succ\u00e8s repose sur la force de nos valeurs, l&rsquo;engagement collectif et l&rsquo;innovation continue. Nous sommes \u00e0 la recherche de talents passionn\u00e9s pr\u00eats \u00e0 partager notre vision et \u00e0 participer activement \u00e0 notre aventure.<br>Si vous \u00eates passionn\u00e9, motiv\u00e9 et pr\u00eat \u00e0 collaborer avec une entreprise qui valorise l&rsquo;humain, l&rsquo;innovation et le d\u00e9veloppement collectif, Wenov4IT est fait pour vous. Ensemble, construisons un partenariat prometteur et durable.<br><a href=\"https:\/\/wenov4it.com\/#contact\">Envoyez-nous votre candidature<\/a>&nbsp;d\u00e8s aujourd&rsquo;hui et faites partie de notre aventure !<\/em><\/p>\n<\/blockquote>\n\n\n\n<h1 class=\"wp-block-heading\">Participer \u00e0 la vie de l\u2019entreprise<\/h1>\n\n\n\n<div class=\"wp-block-media-text is-stacked-on-mobile\" style=\"grid-template-columns:30% auto\"><figure class=\"wp-block-media-text__media\"><img loading=\"lazy\" decoding=\"async\" width=\"1024\" height=\"1024\" src=\"https:\/\/wenov4it.com\/wp-content\/uploads\/2024\/09\/ValeursSD.jpg\" alt=\"\" class=\"wp-image-774 size-full\" srcset=\"https:\/\/wenov4it.com\/wp-content\/uploads\/2024\/09\/ValeursSD.jpg 1024w, https:\/\/wenov4it.com\/wp-content\/uploads\/2024\/09\/ValeursSD-300x300.jpg 300w, https:\/\/wenov4it.com\/wp-content\/uploads\/2024\/09\/ValeursSD-150x150.jpg 150w, https:\/\/wenov4it.com\/wp-content\/uploads\/2024\/09\/ValeursSD-768x768.jpg 768w, https:\/\/wenov4it.com\/wp-content\/uploads\/2024\/09\/ValeursSD-600x600.jpg 600w\" sizes=\"auto, (max-width: 1024px) 100vw, 1024px\" \/><\/figure><div class=\"wp-block-media-text__content\">\n<p><strong>Adh\u00e9rer \u00e0 nos Valeurs<\/strong><\/p>\n\n\n\n<p>Nos valeurs sont le fondement de tout ce que nous entreprenons. Nous mettons un point d&rsquo;honneur \u00e0 cultiver l&rsquo;int\u00e9grit\u00e9, l&rsquo;excellence, la collaboration et l&rsquo;innovation. Chaque partenaire est encourag\u00e9 \u00e0 incarner ces principes au quotidien, favorisant ainsi un environnement de travail harmonieux et dynamique. Nous croyons que des valeurs fortes ne se d\u00e9clarent pas seulement, elles se vivent, se partagent et se renforcent mutuellement.<\/p>\n<\/div><\/div>\n\n\n\n<p><strong>Soir\u00e9e d\u2019int\u00e9gration et de restitution de mission<\/strong><\/p>\n\n\n\n<p>L\u2019int\u00e9gration de nouveaux collaborateurs et partenaires est une \u00e9tape cruciale. Pour cela, nous organisons des soir\u00e9es d\u2019int\u00e9gration chaleureuses et conviviales, o\u00f9 chaque nouvel arrivant a l\u2019occasion de rencontrer l\u2019\u00e9quipe, de d\u00e9couvrir notre culture et de se sentir rapidement \u00e0 l\u2019aise. De plus, \u00e0 la fin de chaque mission, nous organisons des pr\u00e9sentations de restitution pour c\u00e9l\u00e9brer les succ\u00e8s, partager les exp\u00e9riences et apprendre des d\u00e9fis rencontr\u00e9s. Ces moments sont essentiels pour renforcer les liens et encourager une culture de partage et de reconnaissance.<\/p>\n\n\n\n<p><strong>R\u00e9union Mensuelle<\/strong><\/p>\n\n\n\n<p>La transparence et la communication sont des piliers de notre organisation. C&rsquo;est pourquoi nous tenons des r\u00e9unions mensuelles o\u00f9 chacun est inform\u00e9 des avanc\u00e9es, des objectifs et des d\u00e9fis \u00e0 venir. Ces r\u00e9unions sont l\u2019occasion pour tous de s\u2019exprimer, de poser des questions et de proposer des id\u00e9es. Elles permettent de maintenir une vision claire et partag\u00e9e, tout en renfor\u00e7ant l\u2019engagement de chacun.<\/p>\n\n\n\n<p><strong>P\u00e9pini\u00e8re d\u2019Incubation<\/strong><\/p>\n\n\n\n<p>L\u2019innovation est au c\u0153ur de notre ADN. Pour soutenir les initiatives et les projets novateurs, nous avons mis en place une p\u00e9pini\u00e8re d\u2019incubation. Ce programme offre aux collaborateurs et partenaires la possibilit\u00e9 de d\u00e9velopper leurs id\u00e9es, de les tester et de les transformer en projets concrets avec l\u2019appui de mentors et de ressources d\u00e9di\u00e9es. C\u2019est un espace de cr\u00e9ativit\u00e9 et d\u2019exp\u00e9rimentation qui encourage l\u2019esprit entrepreneurial et favorise la croissance personnelle et professionnelle.<\/p>\n\n\n\n<div style=\"height:50px\" aria-hidden=\"true\" class=\"wp-block-spacer\"><\/div>\n\n\n\n<hr class=\"wp-block-separator has-alpha-channel-opacity\"\/>\n\n\n\n<div class=\"wp-block-media-text has-media-on-the-right is-stacked-on-mobile\" style=\"grid-template-columns:auto 30%\"><div class=\"wp-block-media-text__content\">\n<p>Nous accordons une grande importance \u00e0 l&rsquo;accompagnement de nos partenaires et \u00e0 la cr\u00e9ation d&rsquo;un environnement de travail stimulant et bienveillant. Et pour cela, nous proposons :<\/p>\n<\/div><figure class=\"wp-block-media-text__media\"><img loading=\"lazy\" decoding=\"async\" width=\"620\" height=\"355\" src=\"https:\/\/wenov4it.com\/wp-content\/uploads\/2024\/09\/bienveillance.jpg\" alt=\"\" class=\"wp-image-781 size-full\" srcset=\"https:\/\/wenov4it.com\/wp-content\/uploads\/2024\/09\/bienveillance.jpg 620w, https:\/\/wenov4it.com\/wp-content\/uploads\/2024\/09\/bienveillance-300x172.jpg 300w\" sizes=\"auto, (max-width: 620px) 100vw, 620px\" \/><\/figure><\/div>\n\n\n\n<p><strong>Onboarding structur\u00e9 et syst\u00e9matique<\/strong><\/p>\n\n\n\n<p>L&rsquo;int\u00e9gration de nouveaux partenaires est une \u00e9tape cl\u00e9 pour garantir une adaptation rapide et efficace. Nous avons mis en place un programme d&rsquo;onboarding structur\u00e9 et syst\u00e9matique, qui comprend des rencontres avec les principaux acteurs de l&rsquo;entreprise. Ce processus permet aux nouveaux arrivants de se familiariser rapidement avec notre culture, nos valeurs et nos m\u00e9thodes de travail, tout en leur donnant les cl\u00e9s pour r\u00e9ussir dans leur nouvelle mission.<\/p>\n\n\n\n<p><strong>P<\/strong><strong>rocessus de pr\u00e9paration, d\u2019accompagnement et de suivi pour chaque mission<\/strong><\/p>\n\n\n\n<p>Chaque mission est unique et m\u00e9rite une pr\u00e9paration minutieuse. Nous avons mis en place un processus rigoureux pour garantir le succ\u00e8s de chaque projet en compl\u00e9ment du\u00a0<a href=\"https:\/\/wenov4it.com\/index.php\/methodologie\/\">processus de suivi de prestation<\/a>. Ce processus comprend :<\/p>\n\n\n\n<ul class=\"wp-block-list\">\n<li>Pr\u00e9paration : Analyse des besoins du client, d\u00e9finition des objectifs, planification des t\u00e2ches et livrables.<\/li>\n\n\n\n<li>Accompagnement : Aide au rapport d\u2019\u00e9tonnement, suivi r\u00e9gulier par un responsable de mission, points d\u2019\u00e9tape fr\u00e9quents et ajustements en fonction des feedbacks.<\/li>\n\n\n\n<li>Suivi : \u00c9valuation des r\u00e9sultats, retour d&rsquo;exp\u00e9rience en interne avec l&rsquo;\u00e9quipe, restitution au client.<\/li>\n<\/ul>\n\n\n\n<div style=\"height:50px\" aria-hidden=\"true\" class=\"wp-block-spacer\"><\/div>\n\n\n\n<div class=\"wp-block-buttons is-content-justification-center is-layout-flex wp-container-core-buttons-is-layout-a89b3969 wp-block-buttons-is-layout-flex\">\n<div class=\"wp-block-button is-style-fill\"><a class=\"wp-block-button__link wp-element-button\" href=\"https:\/\/wenov4it.com\/#contact\" style=\"border-radius:0px\"><strong>Rejoignez-nous<\/strong><\/a><\/div>\n<\/div>\n\n\n\n<div style=\"height:50px\" aria-hidden=\"true\" class=\"wp-block-spacer\"><\/div>\n","protected":false},"excerpt":{"rendered":"<p>Nous croyons fermement que notre succ\u00e8s repose sur la force de nos valeurs, l&rsquo;engagement collectif et l&rsquo;innovation continue. Nous sommes [&hellip;]<\/p>\n","protected":false},"author":3,"featured_media":0,"parent":0,"menu_order":0,"comment_status":"closed","ping_status":"closed","template":"","meta":{"site-sidebar-layout":"default","site-content-layout":"","ast-site-content-layout":"","site-content-style":"default","site-sidebar-style":"default","ast-global-header-display":"","ast-banner-title-visibility":"","ast-main-header-display":"","ast-hfb-above-header-display":"","ast-hfb-below-header-display":"","ast-hfb-mobile-header-display":"","site-post-title":"","ast-breadcrumbs-content":"","ast-featured-img":"","footer-sml-layout":"","theme-transparent-header-meta":"","adv-header-id-meta":"","stick-header-meta":"","header-above-stick-meta":"","header-main-stick-meta":"","header-below-stick-meta":"","astra-migrate-meta-layouts":"default","ast-page-background-enabled":"default","ast-page-background-meta":{"desktop":{"background-color":"var(--ast-global-color-4)","background-image":"","background-repeat":"repeat","background-position":"center center","background-size":"auto","background-attachment":"scroll","background-type":"","background-media":"","overlay-type":"","overlay-color":"","overlay-opacity":"","overlay-gradient":""},"tablet":{"background-color":"","background-image":"","background-repeat":"repeat","background-position":"center center","background-size":"auto","background-attachment":"scroll","background-type":"","background-media":"","overlay-type":"","overlay-color":"","overlay-opacity":"","overlay-gradient":""},"mobile":{"background-color":"","background-image":"","background-repeat":"repeat","background-position":"center center","background-size":"auto","background-attachment":"scroll","background-type":"","background-media":"","overlay-type":"","overlay-color":"","overlay-opacity":"","overlay-gradient":""}},"ast-content-background-meta":{"desktop":{"background-color":"var(--ast-global-color-5)","background-image":"","background-repeat":"repeat","background-position":"center center","background-size":"auto","background-attachment":"scroll","background-type":"","background-media":"","overlay-type":"","overlay-color":"","overlay-opacity":"","overlay-gradient":""},"tablet":{"background-color":"var(--ast-global-color-5)","background-image":"","background-repeat":"repeat","background-position":"center center","background-size":"auto","background-attachment":"scroll","background-type":"","background-media":"","overlay-type":"","overlay-color":"","overlay-opacity":"","overlay-gradient":""},"mobile":{"background-color":"var(--ast-global-color-5)","background-image":"","background-repeat":"repeat","background-position":"center center","background-size":"auto","background-attachment":"scroll","background-type":"","background-media":"","overlay-type":"","overlay-color":"","overlay-opacity":"","overlay-gradient":""}},"footnotes":""},"class_list":["post-1113","page","type-page","status-publish","hentry"],"_links":{"self":[{"href":"https:\/\/wenov4it.com\/index.php\/wp-json\/wp\/v2\/pages\/1113","targetHints":{"allow":["GET"]}}],"collection":[{"href":"https:\/\/wenov4it.com\/index.php\/wp-json\/wp\/v2\/pages"}],"about":[{"href":"https:\/\/wenov4it.com\/index.php\/wp-json\/wp\/v2\/types\/page"}],"author":[{"embeddable":true,"href":"https:\/\/wenov4it.com\/index.php\/wp-json\/wp\/v2\/users\/3"}],"replies":[{"embeddable":true,"href":"https:\/\/wenov4it.com\/index.php\/wp-json\/wp\/v2\/comments?post=1113"}],"version-history":[{"count":8,"href":"https:\/\/wenov4it.com\/index.php\/wp-json\/wp\/v2\/pages\/1113\/revisions"}],"predecessor-version":[{"id":1275,"href":"https:\/\/wenov4it.com\/index.php\/wp-json\/wp\/v2\/pages\/1113\/revisions\/1275"}],"wp:attachment":[{"href":"https:\/\/wenov4it.com\/index.php\/wp-json\/wp\/v2\/media?parent=1113"}],"curies":[{"name":"wp","href":"https:\/\/api.w.org\/{rel}","templated":true}]}}