{"id":1116,"date":"2024-09-23T17:21:51","date_gmt":"2024-09-23T15:21:51","guid":{"rendered":"https:\/\/wenov4it.com\/?page_id=1116"},"modified":"2024-09-23T17:38:32","modified_gmt":"2024-09-23T15:38:32","slug":"methodologie","status":"publish","type":"page","link":"https:\/\/wenov4it.com\/index.php\/methodologie\/","title":{"rendered":"M\u00e9thodologie"},"content":{"rendered":"\n<div style=\"height:20px\" aria-hidden=\"true\" class=\"wp-block-spacer\"><\/div>\n\n\n<div style=\"--bb--crumb-gap:.4em;\" class=\"wp-block-boldblocks-breadcrumb-block\"><nav role=\"navigation\" aria-label=\"Breadcrumbs\" class=\"breadcrumb\"><ol class=\"breadcrumb-items\"><li class=\"breadcrumb-item breadcrumb-item--current breadcrumb-item--home\"><span class=\"breadcrumb-item-name\">Home<\/span><\/li><\/ol><\/nav><\/div>\n\n\n<div style=\"height:50px\" aria-hidden=\"true\" class=\"wp-block-spacer\"><\/div>\n\n\n\n<h1 class=\"wp-block-heading\">M\u00e9thodologie de suivi de prestation<\/h1>\n\n\n\n<p>Nous avons adopt\u00e9 une m\u00e9thodologie de suivi des missions inspir\u00e9e des m\u00e9thodes Agiles afin de garantir que chaque mission r\u00e9ponde parfaitement aux enjeux et attentes de nos clients. Cette approche nous permet de rester flexibles, r\u00e9actifs et centr\u00e9s sur la satisfaction client tout au long du projet. Voici comment nous mettons en \u0153uvre cette m\u00e9thodologie en trois phases :<\/p>\n\n\n\n<ul class=\"wp-block-list\">\n<li><strong>Cadrage : <\/strong>s\u2019assurer que la mission r\u00e9pond bien aux besoins op\u00e9rationnels du client et que tous les \u00e9l\u00e9ments de r\u00e9ussite sont r\u00e9unis. Cette phase comprend la r\u00e9daction d\u2019un rapport d\u2019\u00e9tonnement permettant d\u2019\u00e9tablir d\u2019\u00e9ventuels \u00e9carts entre l\u2019expression de besoin et la r\u00e9alit\u00e9 du terrain.<\/li>\n\n\n\n<li><strong>Suivi continu <\/strong>de la mission en int\u00e9grant une <strong>vision 360\u00b0 <\/strong>(communication, gestion du risque &#8230;) : les rapports de suivi permettent de lancer des actions correctrices ou d\u2019am\u00e9lioration. Ils servent de base aux entretiens d\u2019\u00e9volution de carri\u00e8re de nos consultants.<\/li>\n\n\n\n<li><strong>Restitution <\/strong>en fin de mission : Rien de pire que de partir avec les cl\u00e9s de la mission, nous nous faisons fort de faire un \u00e9tat des lieux vous permettant de reprendre la suite de la mission.<\/li>\n<\/ul>\n\n\n\n<figure class=\"wp-block-image size-large\"><img loading=\"lazy\" decoding=\"async\" width=\"1024\" height=\"543\" src=\"https:\/\/wenov4it.com\/wp-content\/uploads\/2024\/09\/methode-suivi-1024x543.jpg\" alt=\"\" class=\"wp-image-335\" srcset=\"https:\/\/wenov4it.com\/wp-content\/uploads\/2024\/09\/methode-suivi-1024x543.jpg 1024w, https:\/\/wenov4it.com\/wp-content\/uploads\/2024\/09\/methode-suivi-300x159.jpg 300w, https:\/\/wenov4it.com\/wp-content\/uploads\/2024\/09\/methode-suivi-768x407.jpg 768w, https:\/\/wenov4it.com\/wp-content\/uploads\/2024\/09\/methode-suivi.jpg 1222w\" sizes=\"auto, (max-width: 1024px) 100vw, 1024px\" \/><\/figure>\n\n\n\n<div style=\"height:50px\" aria-hidden=\"true\" class=\"wp-block-spacer\"><\/div>\n","protected":false},"excerpt":{"rendered":"<p>M\u00e9thodologie de suivi de prestation Nous avons adopt\u00e9 une m\u00e9thodologie de suivi des missions inspir\u00e9e des m\u00e9thodes Agiles afin de [&hellip;]<\/p>\n","protected":false},"author":3,"featured_media":0,"parent":0,"menu_order":0,"comment_status":"closed","ping_status":"closed","template":"","meta":{"site-sidebar-layout":"default","site-content-layout":"","ast-site-content-layout":"","site-content-style":"default","site-sidebar-style":"default","ast-global-header-display":"","ast-banner-title-visibility":"","ast-main-header-display":"","ast-hfb-above-header-display":"","ast-hfb-below-header-display":"","ast-hfb-mobile-header-display":"","site-post-title":"","ast-breadcrumbs-content":"","ast-featured-img":"","footer-sml-layout":"","theme-transparent-header-meta":"","adv-header-id-meta":"","stick-header-meta":"","header-above-stick-meta":"","header-main-stick-meta":"","header-below-stick-meta":"","astra-migrate-meta-layouts":"default","ast-page-background-enabled":"default","ast-page-background-meta":{"desktop":{"background-color":"var(--ast-global-color-4)","background-image":"","background-repeat":"repeat","background-position":"center center","background-size":"auto","background-attachment":"scroll","background-type":"","background-media":"","overlay-type":"","overlay-color":"","overlay-opacity":"","overlay-gradient":""},"tablet":{"background-color":"","background-image":"","background-repeat":"repeat","background-position":"center center","background-size":"auto","background-attachment":"scroll","background-type":"","background-media":"","overlay-type":"","overlay-color":"","overlay-opacity":"","overlay-gradient":""},"mobile":{"background-color":"","background-image":"","background-repeat":"repeat","background-position":"center center","background-size":"auto","background-attachment":"scroll","background-type":"","background-media":"","overlay-type":"","overlay-color":"","overlay-opacity":"","overlay-gradient":""}},"ast-content-background-meta":{"desktop":{"background-color":"var(--ast-global-color-5)","background-image":"","background-repeat":"repeat","background-position":"center center","background-size":"auto","background-attachment":"scroll","background-type":"","background-media":"","overlay-type":"","overlay-color":"","overlay-opacity":"","overlay-gradient":""},"tablet":{"background-color":"var(--ast-global-color-5)","background-image":"","background-repeat":"repeat","background-position":"center center","background-size":"auto","background-attachment":"scroll","background-type":"","background-media":"","overlay-type":"","overlay-color":"","overlay-opacity":"","overlay-gradient":""},"mobile":{"background-color":"var(--ast-global-color-5)","background-image":"","background-repeat":"repeat","background-position":"center center","background-size":"auto","background-attachment":"scroll","background-type":"","background-media":"","overlay-type":"","overlay-color":"","overlay-opacity":"","overlay-gradient":""}},"footnotes":""},"class_list":["post-1116","page","type-page","status-publish","hentry"],"_links":{"self":[{"href":"https:\/\/wenov4it.com\/index.php\/wp-json\/wp\/v2\/pages\/1116","targetHints":{"allow":["GET"]}}],"collection":[{"href":"https:\/\/wenov4it.com\/index.php\/wp-json\/wp\/v2\/pages"}],"about":[{"href":"https:\/\/wenov4it.com\/index.php\/wp-json\/wp\/v2\/types\/page"}],"author":[{"embeddable":true,"href":"https:\/\/wenov4it.com\/index.php\/wp-json\/wp\/v2\/users\/3"}],"replies":[{"embeddable":true,"href":"https:\/\/wenov4it.com\/index.php\/wp-json\/wp\/v2\/comments?post=1116"}],"version-history":[{"count":3,"href":"https:\/\/wenov4it.com\/index.php\/wp-json\/wp\/v2\/pages\/1116\/revisions"}],"predecessor-version":[{"id":1135,"href":"https:\/\/wenov4it.com\/index.php\/wp-json\/wp\/v2\/pages\/1116\/revisions\/1135"}],"wp:attachment":[{"href":"https:\/\/wenov4it.com\/index.php\/wp-json\/wp\/v2\/media?parent=1116"}],"curies":[{"name":"wp","href":"https:\/\/api.w.org\/{rel}","templated":true}]}}