{"id":36,"date":"2024-08-14T17:10:54","date_gmt":"2024-08-14T15:10:54","guid":{"rendered":"https:\/\/wenov4it.com\/?page_id=36"},"modified":"2024-10-02T16:48:09","modified_gmt":"2024-10-02T14:48:09","slug":"amoa","status":"publish","type":"page","link":"https:\/\/wenov4it.com\/index.php\/amoa\/","title":{"rendered":"AMOA \/ Gestion de Projet"},"content":{"rendered":"\n<div class=\"wp-block-cover is-light has-custom-content-position is-position-bottom-left\" style=\"min-height:200px;aspect-ratio:unset;\"><span aria-hidden=\"true\" class=\"wp-block-cover__background has-background-dim-30 has-background-dim\" style=\"background-color:#FFF\"><\/span><video class=\"wp-block-cover__video-background intrinsic-ignore\" autoplay muted loop playsinline src=\"https:\/\/wenov4it.com\/wp-content\/uploads\/2024\/09\/AMOA.mp4\" style=\"object-position:66% 20%\" data-object-fit=\"cover\" data-object-position=\"66% 20%\"><\/video><div class=\"wp-block-cover__inner-container is-layout-constrained wp-block-cover-is-layout-constrained\">\n<p class=\"has-text-align-center has-text-color has-link-color has-large-font-size wp-elements-55cb87fb5fb0f711d63f9f5136015162\" style=\"color:#141543\"><em>Gestion de projet<\/em><\/p>\n<\/div><\/div>\n\n\n<div style=\"--bb--crumb-gap:.4em;\" class=\"wp-block-boldblocks-breadcrumb-block\"><nav role=\"navigation\" aria-label=\"Breadcrumbs\" class=\"breadcrumb\"><ol class=\"breadcrumb-items\"><li class=\"breadcrumb-item breadcrumb-item--current breadcrumb-item--home\"><span class=\"breadcrumb-item-name\">Home<\/span><\/li><\/ol><\/nav><\/div>\n\n\n<div style=\"height:50px\" aria-hidden=\"true\" class=\"wp-block-spacer\"><\/div>\n\n\n\n<div class=\"wp-block-columns has-base-font-size is-layout-flex wp-container-core-columns-is-layout-e2219cad wp-block-columns-is-layout-flex\" style=\"border-style:none;border-width:0px;border-radius:0px;margin-top:0;margin-bottom:0;padding-top:0;padding-right:0;padding-bottom:0;padding-left:0\">\n<div class=\"wp-block-column is-layout-flow wp-container-core-column-is-layout-f7508bb3 wp-block-column-is-layout-flow\" style=\"padding-right:var(--wp--preset--spacing--60);padding-left:var(--wp--preset--spacing--60)\">\n<p>Nos consultants interviennent tout au long du cycle de vie d\u2019un projet en Assistance \u00e0 Ma\u00eetrise d\u2019Ouvrage (AMOA), gestion de Projets, gestion des Risques et BizDevOps pour optimiser la performance et la r\u00e9silience du business de nos clients. Cela comprend entre autres :<\/p>\n\n\n\n<details class=\"wp-block-details has-border-color has-cyan-bluish-gray-border-color is-layout-flow wp-block-details-is-layout-flow\" style=\"border-width:1px;padding-right:var(--wp--preset--spacing--20);padding-left:var(--wp--preset--spacing--20)\"><summary><strong>1. Assistance \u00e0 Ma\u00eetrise d\u2019Ouvrage (AMOA)<\/strong><\/summary>\n<p>Nous apportons un soutien strat\u00e9gique et op\u00e9rationnel pour garantir la r\u00e9ussite de vos projets :<\/p>\n\n\n\n<ul class=\"wp-block-list\">\n<li><strong>\u00c9tude de Faisabilit\u00e9 et Cadrage de Projet&nbsp;<\/strong>:&nbsp;Analyse des besoins, \u00e9tude de faisabilit\u00e9, et d\u00e9finition des objectifs.<\/li>\n\n\n\n<li><strong>R\u00e9daction de Cahier des Charges&nbsp;<\/strong><strong>:<\/strong>&nbsp;Formalisation des exigences fonctionnelles et techniques.<\/li>\n\n\n\n<li><strong>Conduite du Changement&nbsp;<\/strong><strong>:<\/strong>&nbsp;Accompagnement dans la gestion des changements organisationnels et \u200btechnologiques.<\/li>\n\n\n\n<li><strong>Recette et Validation&nbsp;<\/strong>: \u00c9laboration de strat\u00e9gies de tests, ex\u00e9cution des tests fonctionnels et validation des \u200blivrables.<\/li>\n<\/ul>\n<\/details>\n\n\n\n<details class=\"wp-block-details has-border-color has-cyan-bluish-gray-border-color is-layout-flow wp-block-details-is-layout-flow\" style=\"border-width:1px;padding-right:var(--wp--preset--spacing--20);padding-left:var(--wp--preset--spacing--20)\"><summary><strong>2. Gestion et Direction de Projets<\/strong><\/summary>\n<p>Nous assurons une gestion rigoureuse et efficace de vos projets pour atteindre vos objectifs :<\/p>\n\n\n\n<ul class=\"wp-block-list\">\n<li><strong>Planification et Suivi de Projets&nbsp;<\/strong>:&nbsp;\u00c9tablissement de plannings d\u00e9taill\u00e9s, suivi des jalons et gestion des d\u00e9lais.<\/li>\n\n\n\n<li><strong>Gestion des \u00c9quipes&nbsp;<\/strong>: Coordination des \u00e9quipes pluridisciplinaires, gestion des ressources et des comp\u00e9tences.<\/li>\n\n\n\n<li><strong>Gestion Budg\u00e9taire :<\/strong>&nbsp;Contr\u00f4le des co\u00fbts, suivi des d\u00e9penses et optimisation budg\u00e9taire.<\/li>\n\n\n\n<li><strong>Reporting et Communication<\/strong>&nbsp;:&nbsp;Mise en place de tableaux de bord et communication r\u00e9guli\u00e8re avec les parties \u200bprenantes.<\/li>\n<\/ul>\n<\/details>\n\n\n\n<details class=\"wp-block-details has-border-color has-cyan-bluish-gray-border-color is-layout-flow wp-block-details-is-layout-flow\" style=\"border-width:1px;padding-right:var(--wp--preset--spacing--20);padding-left:var(--wp--preset--spacing--20)\"><summary><strong>3. Gestion des Risques<\/strong><\/summary>\n<p>Nous vous aidons \u00e0 identifier, \u00e9valuer et g\u00e9rer les risques pour s\u00e9curiser vos projets :<\/p>\n\n\n\n<ul class=\"wp-block-list\">\n<li><strong>Identification des Risques :<\/strong>&nbsp;Analyse des risques potentiels et identification des points critiques.<\/li>\n\n\n\n<li><strong>\u00c9valuation et Priorisation :<\/strong>&nbsp;\u00c9valuation de l\u2019impact et de la probabilit\u00e9 des risques, et priorisation des actions.<\/li>\n\n\n\n<li><strong>Plans de Mitigation :<\/strong>&nbsp;D\u00e9veloppement de strat\u00e9gies de mitigation et de plans de contingence.<\/li>\n\n\n\n<li><strong>Suivi et R\u00e9\u00e9valuation :<\/strong>&nbsp;Surveillance continue des risques et ajustement des plans de gestion des risques.<\/li>\n<\/ul>\n<\/details>\n\n\n\n<details class=\"wp-block-details has-border-color has-cyan-bluish-gray-border-color is-layout-flow wp-block-details-is-layout-flow\" style=\"border-width:1px;padding-right:var(--wp--preset--spacing--20);padding-left:var(--wp--preset--spacing--20)\"><summary><strong>4. BizDevOps<\/strong><\/summary>\n<p>Nous int\u00e9grons les pratiques de Business Development et DevOps pour acc\u00e9l\u00e9rer l&rsquo;innovation et am\u00e9liorer \u200bla qualit\u00e9 :<\/p>\n\n\n\n<ul class=\"wp-block-list\">\n<li><strong>D\u00e9veloppement Agile :<\/strong>&nbsp;Adoption des m\u00e9thodologies agiles pour favoriser la collaboration et la flexibilit\u00e9.<\/li>\n\n\n\n<li><strong>Automatisation des Processus :<\/strong>&nbsp;Mise en place de pipelines CI\/CD pour automatiser les d\u00e9ploiements et les tests.<\/li>\n\n\n\n<li><strong>Collaboration Interdisciplinaire&nbsp;<\/strong>: Promotion de la collaboration entre les \u00e9quipes de d\u00e9veloppement, \u200bd\u2019exploitation et de business.<\/li>\n\n\n\n<li><strong>Optimisation Continue :<\/strong>&nbsp;Suivi des performances, identification des opportunit\u00e9s d\u2019am\u00e9lioration et impl\u00e9mentation \u200bde solutions.<\/li>\n<\/ul>\n<\/details>\n<\/div>\n\n\n\n<div class=\"wp-block-column has-background has-small-font-size is-layout-flow wp-block-column-is-layout-flow\" style=\"background-color:#d5e0ec;padding-top:var(--wp--preset--spacing--60);padding-bottom:var(--wp--preset--spacing--60)\">\n<p class=\"has-text-align-center\" style=\"margin-right:var(--wp--preset--spacing--60);margin-left:var(--wp--preset--spacing--60)\"><strong>Pourquoi nous consulter ?<\/strong><\/p>\n\n\n\n<p style=\"margin-right:var(--wp--preset--spacing--70);margin-left:var(--wp--preset--spacing--70);padding-right:0;padding-left:0\"><strong>Expertise et Exp\u00e9rience :&nbsp;<\/strong>des experts avec une \u200bvaste exp\u00e9rience dans des secteurs vari\u00e9s.<\/p>\n\n\n\n<p id=\"HUkqf0s8Kgw9hx1J\" style=\"margin-right:var(--wp--preset--spacing--70);margin-left:var(--wp--preset--spacing--70);padding-right:0;padding-left:0\"><strong>Solutions Sur Mesure :<\/strong>&nbsp;des prestations \u200bpersonnalis\u00e9es pour r\u00e9pondre aux besoins \u200bsp\u00e9cifiques de chaque client.<\/p>\n\n\n\n<p id=\"QBi7EjlArVZwfvG6\" style=\"margin-right:var(--wp--preset--spacing--70);margin-left:var(--wp--preset--spacing--70);padding-right:0;padding-left:0\"><strong>Approche Int\u00e9gr\u00e9e :&nbsp;<\/strong>une m\u00e9thodologie int\u00e9grant \u200bl&rsquo;AMOA, la gestion de projets, la gestion des risques \u200bet le BizDevOps.<\/p>\n\n\n\n<p id=\"ZPV4Cedgu6VUHSah\" style=\"margin-right:var(--wp--preset--spacing--70);margin-left:var(--wp--preset--spacing--70);padding-right:0;padding-left:0\"><strong>Culture du r\u00e9sultat :&nbsp;<\/strong>un engagement \u00e0 fournir des \u200br\u00e9sultats tangibles et mesurables, avec une \u200battention particuli\u00e8re \u00e0 la qualit\u00e9 et \u00e0 la satisfaction \u200bclient.<\/p>\n\n\n\n<p id=\"SgdCc2SHV205uAQN\" style=\"margin-right:var(--wp--preset--spacing--70);margin-left:var(--wp--preset--spacing--70);padding-right:0;padding-left:0\"><strong>Innovation et Flexibilit\u00e9 :&nbsp;<\/strong>capacit\u00e9 \u00e0 s&rsquo;adapter \u200brapidement aux \u00e9volutions technologiques et aux \u200bbesoins du march\u00e9.<\/p>\n\n\n\n<p style=\"margin-right:var(--wp--preset--spacing--70);margin-left:var(--wp--preset--spacing--70);padding-right:0;padding-left:0\"><strong>Engagement Durable :&nbsp;<\/strong>une approche respectueuse \u200bde l\u2019environnement et des pratiques durables.<\/p>\n<\/div>\n<\/div>\n\n\n\n<div style=\"height:50px\" aria-hidden=\"true\" class=\"wp-block-spacer\"><\/div>\n","protected":false},"excerpt":{"rendered":"<p>Nos consultants interviennent tout au long du cycle de vie d\u2019un projet en Assistance \u00e0 Ma\u00eetrise d\u2019Ouvrage (AMOA), gestion de [&hellip;]<\/p>\n","protected":false},"author":3,"featured_media":0,"parent":0,"menu_order":0,"comment_status":"closed","ping_status":"closed","template":"","meta":{"site-sidebar-layout":"default","site-content-layout":"","ast-site-content-layout":"","site-content-style":"default","site-sidebar-style":"default","ast-global-header-display":"","ast-banner-title-visibility":"","ast-main-header-display":"","ast-hfb-above-header-display":"","ast-hfb-below-header-display":"","ast-hfb-mobile-header-display":"","site-post-title":"","ast-breadcrumbs-content":"","ast-featured-img":"","footer-sml-layout":"","theme-transparent-header-meta":"","adv-header-id-meta":"","stick-header-meta":"","header-above-stick-meta":"","header-main-stick-meta":"","header-below-stick-meta":"","astra-migrate-meta-layouts":"default","ast-page-background-enabled":"default","ast-page-background-meta":{"desktop":{"background-color":"var(--ast-global-color-4)","background-image":"","background-repeat":"repeat","background-position":"center center","background-size":"auto","background-attachment":"scroll","background-type":"","background-media":"","overlay-type":"","overlay-color":"","overlay-opacity":"","overlay-gradient":""},"tablet":{"background-color":"","background-image":"","background-repeat":"repeat","background-position":"center center","background-size":"auto","background-attachment":"scroll","background-type":"","background-media":"","overlay-type":"","overlay-color":"","overlay-opacity":"","overlay-gradient":""},"mobile":{"background-color":"","background-image":"","background-repeat":"repeat","background-position":"center center","background-size":"auto","background-attachment":"scroll","background-type":"","background-media":"","overlay-type":"","overlay-color":"","overlay-opacity":"","overlay-gradient":""}},"ast-content-background-meta":{"desktop":{"background-color":"var(--ast-global-color-5)","background-image":"","background-repeat":"repeat","background-position":"center center","background-size":"auto","background-attachment":"scroll","background-type":"","background-media":"","overlay-type":"","overlay-color":"","overlay-opacity":"","overlay-gradient":""},"tablet":{"background-color":"var(--ast-global-color-5)","background-image":"","background-repeat":"repeat","background-position":"center center","background-size":"auto","background-attachment":"scroll","background-type":"","background-media":"","overlay-type":"","overlay-color":"","overlay-opacity":"","overlay-gradient":""},"mobile":{"background-color":"var(--ast-global-color-5)","background-image":"","background-repeat":"repeat","background-position":"center center","background-size":"auto","background-attachment":"scroll","background-type":"","background-media":"","overlay-type":"","overlay-color":"","overlay-opacity":"","overlay-gradient":""}},"footnotes":""},"class_list":["post-36","page","type-page","status-publish","hentry"],"_links":{"self":[{"href":"https:\/\/wenov4it.com\/index.php\/wp-json\/wp\/v2\/pages\/36","targetHints":{"allow":["GET"]}}],"collection":[{"href":"https:\/\/wenov4it.com\/index.php\/wp-json\/wp\/v2\/pages"}],"about":[{"href":"https:\/\/wenov4it.com\/index.php\/wp-json\/wp\/v2\/types\/page"}],"author":[{"embeddable":true,"href":"https:\/\/wenov4it.com\/index.php\/wp-json\/wp\/v2\/users\/3"}],"replies":[{"embeddable":true,"href":"https:\/\/wenov4it.com\/index.php\/wp-json\/wp\/v2\/comments?post=36"}],"version-history":[{"count":130,"href":"https:\/\/wenov4it.com\/index.php\/wp-json\/wp\/v2\/pages\/36\/revisions"}],"predecessor-version":[{"id":1262,"href":"https:\/\/wenov4it.com\/index.php\/wp-json\/wp\/v2\/pages\/36\/revisions\/1262"}],"wp:attachment":[{"href":"https:\/\/wenov4it.com\/index.php\/wp-json\/wp\/v2\/media?parent=36"}],"curies":[{"name":"wp","href":"https:\/\/api.w.org\/{rel}","templated":true}]}}