{"id":642,"date":"2024-09-09T14:39:12","date_gmt":"2024-09-09T12:39:12","guid":{"rendered":"https:\/\/wenov4it.com\/?page_id=642"},"modified":"2024-09-24T15:26:53","modified_gmt":"2024-09-24T13:26:53","slug":"about-us","status":"publish","type":"page","link":"https:\/\/wenov4it.com\/index.php\/about-us\/","title":{"rendered":"About us"},"content":{"rendered":"\n<div style=\"height:70px\" aria-hidden=\"true\" class=\"wp-block-spacer\"><\/div>\n\n\n<div style=\"--bb--crumb-gap:.4em;\" class=\"wp-block-boldblocks-breadcrumb-block\"><nav role=\"navigation\" aria-label=\"Breadcrumbs\" class=\"breadcrumb\"><ol class=\"breadcrumb-items\"><li class=\"breadcrumb-item breadcrumb-item--current breadcrumb-item--home\"><span class=\"breadcrumb-item-name\">Home<\/span><\/li><\/ol><\/nav><\/div>\n\n\n<div class=\"wp-block-columns is-layout-flex wp-container-core-columns-is-layout-2b7fee6a wp-block-columns-is-layout-flex\" style=\"margin-top:0px;margin-bottom:0px;padding-top:var(--wp--preset--spacing--60);padding-right:0;padding-bottom:var(--wp--preset--spacing--60);padding-left:0\">\n<div class=\"wp-block-column is-layout-flow wp-block-column-is-layout-flow\">\n<figure class=\"wp-block-image aligncenter size-full is-resized\"><img loading=\"lazy\" decoding=\"async\" width=\"500\" height=\"255\" src=\"https:\/\/wenov4it.com\/wp-content\/uploads\/2024\/09\/Logo-H.png\" alt=\"\" class=\"wp-image-1075\" style=\"width:577px;height:auto\" srcset=\"https:\/\/wenov4it.com\/wp-content\/uploads\/2024\/09\/Logo-H.png 500w, https:\/\/wenov4it.com\/wp-content\/uploads\/2024\/09\/Logo-H-300x153.png 300w\" sizes=\"auto, (max-width: 500px) 100vw, 500px\" \/><\/figure>\n<\/div>\n\n\n\n<div class=\"wp-block-column is-vertically-aligned-top has-background has-small-font-size is-layout-flow wp-block-column-is-layout-flow\" style=\"background-color:#d5e0ec;padding-top:0;padding-bottom:0\">\n<blockquote class=\"wp-block-quote is-layout-flow wp-block-quote-is-layout-flow\">\n<p style=\"margin-right:var(--wp--preset--spacing--30);margin-left:var(--wp--preset--spacing--30)\"><em><strong>Wenov4IT propose des prestations d\u2019excellence r\u00e9alis\u00e9es par \u200bdes&nbsp;<a href=\"https:\/\/wenov4it.com\/index.php\/consultant-augmente\/\" data-type=\"page\" data-id=\"1105\">consultants augment\u00e9s<\/a>&nbsp;et \u00e9panouis dans un mod\u00e8le social respectueux \u200bde leur vie personnelle.<\/strong><\/em><\/p>\n<\/blockquote>\n\n\n\n<blockquote class=\"wp-block-quote is-layout-flow wp-block-quote-is-layout-flow\">\n<p style=\"margin-right:var(--wp--preset--spacing--30);margin-left:var(--wp--preset--spacing--30)\"><em><strong>\u00ab\u00a0Wenov4IT est n\u00e9e de l&rsquo;ambition de transformer le mod\u00e8le de l&rsquo;assistance technique avec plus de transparence pour le client, une plus grande implication des collaborateurs dans l&rsquo;entreprise et un meilleur partage de la valeur.\u00a0\u00bb<\/strong><\/em><\/p>\n<\/blockquote>\n<\/div>\n<\/div>\n\n\n\n<p class=\"has-text-align-left\" style=\"padding-top:0;padding-right:0;padding-bottom:0;padding-left:0\">A l\u2019origine de Wenov4IT, il y a tout d\u2019abord une histoire d\u2019hommes. Celle qui a fait se rencontrer, il y a plus de 25 ans, Philippe et Rui, deux ing\u00e9nieurs sp\u00e9cialis\u00e9s en T\u00e9l\u00e9communications et S\u00e9curit\u00e9 pour l\u2019un et en Intelligence Artificielle pour l\u2019autre. Ils ont \u00e9volu\u00e9 au sein de diff\u00e9rentes Entreprises de Services du Num\u00e9rique en tant que consultants pour des grands comptes, business developer &#8230; jusqu\u2019\u00e0 en assurer la Direction G\u00e9n\u00e9rale. Ils ont connu des aventures passionnantes avec leurs clients, mais ils ont aussi v\u00e9cu et compris les \u00e9cueils et les travers des ESN.<\/p>\n\n\n\n<p>Wenov4IT est n\u00e9e de l&rsquo;ambition de transformer le mod\u00e8le de l&rsquo;assistance technique avec plus de transparence pour le client, une plus grande implication des \u200bcollaborateurs dans l&rsquo;entreprise et un meilleur partage de la valeur.<\/p>\n\n\n\n<p>Wenov4IT est une soci\u00e9t\u00e9 d\u2019excellence, excellence op\u00e9rationnelle vis-\u00e0-vis de ses clients, mais aussi excellence dans la relation avec ses consultants.<\/p>\n\n\n\n<p>Que vous souhaitiez \u00eatre salari\u00e9s ou ind\u00e9pendants, Wenov4IT vous propose l&rsquo;environnement de travail adapt\u00e9 \u00e0 votre \u00e9quilibre de vie personnelle.<\/p>\n\n\n\n<p style=\"padding-top:0;padding-right:0;padding-bottom:0;padding-left:0\">Que vous soyez responsable des \u00e9tudes, de la production ou DSI, nous vous proposons des consultants exp\u00e9riment\u00e9s et une <a href=\"https:\/\/wenov4it.com\/index.php\/methodologie\/\" data-type=\"page\" data-id=\"1116\">m\u00e9thodologie <\/a>de suivi de mission qui vous aidera dans la r\u00e9ussite de vos projets.<\/p>\n\n\n\n<div style=\"height:100px\" aria-hidden=\"true\" class=\"wp-block-spacer\"><\/div>\n","protected":false},"excerpt":{"rendered":"<p>Wenov4IT propose des prestations d\u2019excellence r\u00e9alis\u00e9es par \u200bdes&nbsp;consultants augment\u00e9s&nbsp;et \u00e9panouis dans un mod\u00e8le social respectueux \u200bde leur vie personnelle. \u00ab\u00a0Wenov4IT [&hellip;]<\/p>\n","protected":false},"author":3,"featured_media":0,"parent":0,"menu_order":0,"comment_status":"closed","ping_status":"closed","template":"","meta":{"site-sidebar-layout":"default","site-content-layout":"","ast-site-content-layout":"","site-content-style":"default","site-sidebar-style":"default","ast-global-header-display":"","ast-banner-title-visibility":"","ast-main-header-display":"","ast-hfb-above-header-display":"","ast-hfb-below-header-display":"","ast-hfb-mobile-header-display":"","site-post-title":"","ast-breadcrumbs-content":"","ast-featured-img":"","footer-sml-layout":"","theme-transparent-header-meta":"","adv-header-id-meta":"","stick-header-meta":"","header-above-stick-meta":"","header-main-stick-meta":"","header-below-stick-meta":"","astra-migrate-meta-layouts":"default","ast-page-background-enabled":"default","ast-page-background-meta":{"desktop":{"background-color":"var(--ast-global-color-4)","background-image":"","background-repeat":"repeat","background-position":"center center","background-size":"auto","background-attachment":"scroll","background-type":"","background-media":"","overlay-type":"","overlay-color":"","overlay-opacity":"","overlay-gradient":""},"tablet":{"background-color":"","background-image":"","background-repeat":"repeat","background-position":"center center","background-size":"auto","background-attachment":"scroll","background-type":"","background-media":"","overlay-type":"","overlay-color":"","overlay-opacity":"","overlay-gradient":""},"mobile":{"background-color":"","background-image":"","background-repeat":"repeat","background-position":"center center","background-size":"auto","background-attachment":"scroll","background-type":"","background-media":"","overlay-type":"","overlay-color":"","overlay-opacity":"","overlay-gradient":""}},"ast-content-background-meta":{"desktop":{"background-color":"var(--ast-global-color-5)","background-image":"","background-repeat":"repeat","background-position":"center center","background-size":"auto","background-attachment":"scroll","background-type":"","background-media":"","overlay-type":"","overlay-color":"","overlay-opacity":"","overlay-gradient":""},"tablet":{"background-color":"var(--ast-global-color-5)","background-image":"","background-repeat":"repeat","background-position":"center center","background-size":"auto","background-attachment":"scroll","background-type":"","background-media":"","overlay-type":"","overlay-color":"","overlay-opacity":"","overlay-gradient":""},"mobile":{"background-color":"var(--ast-global-color-5)","background-image":"","background-repeat":"repeat","background-position":"center center","background-size":"auto","background-attachment":"scroll","background-type":"","background-media":"","overlay-type":"","overlay-color":"","overlay-opacity":"","overlay-gradient":""}},"footnotes":""},"class_list":["post-642","page","type-page","status-publish","hentry"],"_links":{"self":[{"href":"https:\/\/wenov4it.com\/index.php\/wp-json\/wp\/v2\/pages\/642","targetHints":{"allow":["GET"]}}],"collection":[{"href":"https:\/\/wenov4it.com\/index.php\/wp-json\/wp\/v2\/pages"}],"about":[{"href":"https:\/\/wenov4it.com\/index.php\/wp-json\/wp\/v2\/types\/page"}],"author":[{"embeddable":true,"href":"https:\/\/wenov4it.com\/index.php\/wp-json\/wp\/v2\/users\/3"}],"replies":[{"embeddable":true,"href":"https:\/\/wenov4it.com\/index.php\/wp-json\/wp\/v2\/comments?post=642"}],"version-history":[{"count":53,"href":"https:\/\/wenov4it.com\/index.php\/wp-json\/wp\/v2\/pages\/642\/revisions"}],"predecessor-version":[{"id":1222,"href":"https:\/\/wenov4it.com\/index.php\/wp-json\/wp\/v2\/pages\/642\/revisions\/1222"}],"wp:attachment":[{"href":"https:\/\/wenov4it.com\/index.php\/wp-json\/wp\/v2\/media?parent=642"}],"curies":[{"name":"wp","href":"https:\/\/api.w.org\/{rel}","templated":true}]}}